{"id":3969,"date":"2026-03-05T12:24:41","date_gmt":"2026-03-05T12:24:41","guid":{"rendered":"https:\/\/easternstillness.com\/dao\/"},"modified":"2026-03-27T09:26:20","modified_gmt":"2026-03-27T09:26:20","slug":"dao","status":"publish","type":"page","link":"https:\/\/easternstillness.com\/sv\/dao\/","title":{"rendered":"<font dir=\"auto\" style=\"vertical-align: inherit;\"><font dir=\"auto\" style=\"vertical-align: inherit;\">DAO<\/font><\/font>"},"content":{"rendered":"\n<style>\n\/* =====================================================\n   EASTERN STILLNESS \u2014 DAO PAGE\n   THE 100% AUTHENTIC MASTERCLASS (\u878d\u5408\u52a8\u6001\u6587\u7ae0\u7cfb\u7edf)\n   ===================================================== *\/\n\n\/* \u5f15\u5165\u6838\u5fc3\u53e4\u5178\u5b57\u4f53 (\u589e\u52a0\u4e86 Montserrat \u7528\u4e8e\u6587\u7ae0\u80f6\u56ca\u548c\u6807\u7b7e) *\/\n@import url('https:\/\/fonts.googleapis.com\/css2?family=Cormorant+Garamond:ital,wght@0,300;0,400;0,500;0,600;1,400;1,500&family=Montserrat:wght@300;400;500;600&display=swap');\n@import url('https:\/\/fonts.googleapis.com\/css2?family=Noto+Serif+SC:wght@400;600&display=swap');\n\n\/* ===== 1. \u5168\u5c40\u6750\u8d28\u4e0e\u5e95\u8272 (\u5f3a\u529b\u5168\u5c4f\u94fa\u6ee1) ===== *\/\n.dao-mockup-wrapper {\n    width: 100vw !important;\n    max-width: 100vw !important;\nposition: relative !important;\n    left: calc(-50vw + 50%) !important;\n    right: auto !important;\n    margin: 0 !important;\n    \n    background-color: #f4efe7 !important;\n    color: #403a32 !important;\nfont-family: \"Cormorant Garamond\", serif !important;\n    line-height: 1.6 !important;\n    -webkit-font-smoothing: antialiased !important;\n    padding-bottom: 120px;\n    overflow-x: hidden;\n    box-sizing: border-box !important;\n    z-index: 1;\n}\n\n.dao-mockup-wrapper::after {\n    content: ''; position: absolute; top: 0; left: 0; width: 100%; height: 100%;\nbackground-image: url(\"data:image\/svg+xml,%3Csvg viewBox='0 0 200 200' xmlns='http:\/\/www.w3.org\/2000\/svg'%3E%3Cfilter id='noiseFilter'%3E%3CfeTurbulence type='fractalNoise' baseFrequency='0.8' numOctaves='3' stitchTiles='stitch'\/%3E%3C\/filter%3E%3Crect width='100%25' height='100%25' filter='url(%23noiseFilter)' opacity='0.04'\/%3E%3C\/svg%3E\") !important;\n    z-index: -1;\npointer-events: none;\n}\n\n.dao-mockup-wrapper h1, .dao-mockup-wrapper h2, .dao-mockup-wrapper h3, .dao-mockup-wrapper h4, .dao-mockup-wrapper p {\n    font-family: \"Cormorant Garamond\", serif !important;\ncolor: #403a32 !important;\n    margin: 0;\n}\n\n\/* ===== 2. HERO \u533a\u57df ===== *\/\n.dao-hero {\n    position: relative;\n    width: 100%;\nmin-height: 720px;\n    display: flex;\n    flex-direction: column;\n    align-items: center;\n    justify-content: center;\n    text-align: center;\n    padding-top: 150px;\n    z-index: 2;\n}\n\n.dao-hero-bg {\n    position: absolute; top: 0; height: 100%;\n    background-image: url('\/wp-content\/uploads\/2026\/03\/dao-hero-landscape.png');\n    background-size: cover;\n    background-position: center;\n    z-index: -1;\nleft: calc(-50vw + 50%) !important;\n    width: 100vw !important;\n    \n    -webkit-mask-image: linear-gradient(to bottom, rgba(0,0,0,0.8) 0%, rgba(0,0,0,0.4) 60%, transparent 100%);\nmask-image: linear-gradient(to bottom, rgba(0,0,0,0.8) 0%, rgba(0,0,0,0.4) 60%, transparent 100%);\n    mix-blend-mode: multiply;\n    filter: contrast(1.05) brightness(1.02);\n}\n\n.dao-hero-content { position: relative; z-index: 10;\nmax-width: 800px; padding: 0 20px;}\n\n.dao-hero h1 {\n    font-size: clamp(80px, 12vw, 140px) !important;\n    font-weight: 300 !important;\nletter-spacing: 12px !important;\n    margin-bottom: 5px !important;\n    text-transform: uppercase;\n}\n\n.dao-hero p {\n    font-size: 20px !important;\n    font-weight: 400 !important;\nletter-spacing: 1px !important;\n    color: #5a5246 !important;\n    font-style: italic;\n}\n\n\/* ===== 3. \u6838\u5fc3\u7248\u5fc3\u4e0e\u7f51\u683c\u7cfb\u7edf ===== *\/\n.dao-container {\n    max-width: 1050px;\nmargin: 0 auto; padding: 0 40px;\n    position: relative; z-index: 5; display: flex; flex-direction: column; gap: 100px;\n}\n\n.dao-grid-2 {\n    display: grid; grid-template-columns: 1fr 1fr; gap: 40px; align-items: start;\n}\n\n\/* ===== 4. \u3010\u5b8c\u7f8e\u5706\u5f62\u9501\u6b7b + \u8fb9\u7f18\u6c34\u58a8\u7fbd\u5316\u3011 ===== *\/\n.dao-image-wrapper {\n    width: 100%;\n    max-width: 450px;\n    margin: 0 auto;\naspect-ratio: 1 \/ 1;\n    border-radius: 50%;\n    overflow: hidden;\n    background-color: transparent;\n    box-shadow: none;\n    \n    -webkit-mask-image: radial-gradient(closest-side, rgba(0,0,0,1) 65%, rgba(0,0,0,0) 100%);\nmask-image: radial-gradient(closest-side, rgba(0,0,0,1) 65%, rgba(0,0,0,0) 100%);\n}\n\n.dao-image-wrapper-wide {\n    width: 100%; aspect-ratio: 18 \/ 10; overflow: hidden;\nborder-radius: 0; box-shadow: none; background-color: transparent;\n    \n    -webkit-mask-image: radial-gradient(ellipse at center, rgba(0,0,0,1) 55%, rgba(0,0,0,0) 100%);\nmask-image: radial-gradient(ellipse at center, rgba(0,0,0,1) 55%, rgba(0,0,0,0) 100%);\n}\n\n.dao-image-wrapper img, .dao-image-wrapper-wide img {\n    width: 100%; height: 100%;\nobject-fit: cover; display: block;\n    mix-blend-mode: multiply;\n    filter: contrast(1.1) brightness(1.05);\n}\n\n\/* ===== 5. \u6587\u672c\u6837\u5f0f\u4e0e\u5361\u7247 ===== *\/\n.dao-text-content { display: flex; flex-direction: column;\njustify-content: flex-start; margin-top: 20px; }\n\n.dao-title {\n    font-size: 38px !important; font-weight: 400 !important;\n    margin-bottom: 25px !important;\nletter-spacing: 1px !important;\n}\n\n.dao-text {\n    font-size: 17px !important; line-height: 1.85 !important;\n    color: #5a5246 !important; margin-bottom: 20px !important;\n}\n\n.dao-quote {\n    font-size: 22px !important; font-style: italic !important; font-weight: 300 !important;\n    margin-bottom: 25px !important; color: #403a32 !important;\nborder-left: 1px solid rgba(64, 58, 50, 0.3); padding-left: 20px;\n}\n\n.dao-card {\n    background-color: transparent;\n    background-image: url('\/wp-content\/uploads\/2026\/03\/zhuangzi-text-bg.png');\n    background-size: cover;\nbackground-position: center;\n    mix-blend-mode: multiply;\n    padding: 50px 40px;\n    border-radius: 2px;\n    display: flex; flex-direction: column; justify-content: center; height: 100%;\n}\n\n.dao-text-mini-block { margin-bottom: 20px; }\n.dao-text-mini-block h4 {\n    font-size: 19px !important; margin-bottom: 5px !important; color: #2b2725 !important;\nfont-style: italic;\n}\n.dao-text-mini-block p {\n    font-size: 15px !important; line-height: 1.6 !important; color: #5a5246 !important;\n}\n\n\/* ===== 6. \u5217\u8868\u4e0e\u72ec\u521b\u5370\u7ae0\u56fe\u6807 ===== *\/\n.dao-list { list-style: none; padding: 0; margin: 0;\n}\n.dao-list li {\n    font-size: 16.5px !important; line-height: 1.8 !important;\n    color: #5a5246 !important; position: relative; padding-left: 15px;\nmargin-bottom: 12px;\n}\n.dao-list li::before { content: \"\u2022\"; position: absolute; left: 0; color: #8c8273; }\n.dao-list-2col { display: grid; grid-template-columns: 1fr 1fr;\ngap: 0 20px; }\n\n.dao-principles-box {\n    background-color: #ebe4d5; padding: 50px 40px; border-radius: 2px;\n}\n\n.dao-principles-grid {\n    display: grid; grid-template-columns: repeat(2, 1fr); gap: 30px 20px;\n    text-align: center; margin-top: 30px;\n}\n\n.dao-seal-icon {\n    width: 60px; height: 60px;\n    background-color: transparent;\n    border: 1px solid rgba(90, 82, 70, 0.4);\n    border-radius: 50%;\nmargin: 0 auto 15px auto;\n    display: flex; align-items: center; justify-content: center;\n}\n.dao-seal-icon span {\n    font-family: 'Noto Serif SC', serif !important;\n    font-size: 26px; color: #5a5246; font-weight: 400;\n}\n.dao-principles-grid h4 { font-size: 19px !important; font-weight: 600 !important; margin-bottom: 5px !important; }\n.dao-principles-grid p { font-size: 14px !important;\ncolor: #7a7061 !important; line-height: 1.4 !important; }\n\n\n\/* =====================================================\n   \ud83d\udd25 7. \u65b0\u589e\uff1a\u52a8\u6001\u6587\u7ae0\u4e0e\u5b50\u5206\u7c7b\u5bfc\u822a\u7684\u4e13\u5c5e CSS\n   ===================================================== *\/\n.dao-divider-line {\n    display: block;\nwidth: 1px; height: 40px;\n    background-color: rgba(64, 58, 50, 0.25); margin: 60px auto 20px auto;\n}\n.dao-topics-section { text-align: center; margin-top: 20px;\npadding-bottom: 60px; }\n.dao-section-title { font-size: 38px !important; font-weight: 400 !important; margin-bottom: 15px !important; color: #2b2725 !important; letter-spacing: 1px !important;\n}\n.dao-section-subtitle { font-size: 16px !important; font-style: italic !important; color: #6b655e !important; margin-bottom: 40px !important; }\n\n.dao-topics-grid { display: flex; flex-wrap: wrap;\njustify-content: center; gap: 15px; margin-bottom: 80px; }\n.dao-topic-pill {\n    padding: 12px 30px;\nborder: 1px solid rgba(64, 58, 50, 0.2); border-radius: 30px;\n    font-family: \"Montserrat\", sans-serif !important; font-size: 11px !important; font-weight: 500 !important;\ntext-transform: uppercase; letter-spacing: 2px; color: #403a32 !important; text-decoration: none !important;\n    transition: all 0.3s ease;\n}\n.dao-topic-pill:hover { background-color: #2b2725;\ncolor: #f4efe7 !important; border-color: #2b2725; }\n\n\/* \u2b07\ufe0f \u6b64\u5904\u4e3a\u4e13\u95e8\u8865\u5145\u7684\u77ed\u4ee3\u7801\u6587\u7ae0\u9002\u914d\u6837\u5f0f \u2b07\ufe0f *\/\n.dao-mockup-wrapper .tea-articles-grid {\n    display: grid !important;\ngrid-template-columns: repeat(3, 1fr) !important;\n    gap: 40px !important;\n    margin-top: 40px !important;\n    text-align: left;\n}\n.dao-mockup-wrapper .article-card {\n    background: rgba(255, 255, 255, 0.4) !important;\n    border: 1px solid rgba(64, 58, 50, 0.1) !important;\npadding: 25px !important;\n    text-decoration: none !important;\n    display: flex !important;\n    flex-direction: column !important;\n    transition: transform 0.4s ease, box-shadow 0.4s ease !important;\n}\n.dao-mockup-wrapper .article-card:hover {\n    transform: translateY(-5px) !important;\n    background: rgba(255, 255, 255, 0.6) !important;\nbox-shadow: 0 15px 35px rgba(0,0,0,0.04) !important;\n}\n.dao-mockup-wrapper .article-img {\n    width: 100% !important;\n    aspect-ratio: 16 \/ 9 !important;\nobject-fit: cover !important;\n    margin-bottom: 20px !important;\n    filter: sepia(15%) grayscale(25%) contrast(1.05) !important;\n\/* \u8c03\u6574\u4e3a\u66f4\u504f\u5411\u6c34\u58a8\u7684\u8d28\u611f *\/\n}\n.dao-mockup-wrapper .article-meta {\n    font-family: \"Montserrat\", sans-serif !important;\n    font-size: 10px !important; font-weight: 500 !important;\ntext-transform: uppercase !important; letter-spacing: 2px !important;\n    color: #8c8273 !important; margin-bottom: 10px !important; display: block !important;\n}\n.dao-mockup-wrapper .article-card h4 {\n    font-family: \"Cormorant Garamond\", serif !important;\n    font-size: 24px !important;\nmargin: 0 0 12px 0 !important;\n    color: #2b2725 !important; font-weight: 500 !important; line-height: 1.3 !important;\n}\n.dao-mockup-wrapper .article-excerpt {\n    font-family: \"Cormorant Garamond\", serif !important;\n    font-size: 15.5px !important; color: #5c554d !important;\n    line-height: 1.6 !important;\nmargin-bottom: 25px !important; flex-grow: 1 !important;\n}\n.dao-mockup-wrapper .read-more {\n    font-family: \"Montserrat\", sans-serif !important;\n    font-size: 11px !important;\nfont-weight: 600 !important;\n    text-transform: uppercase !important; letter-spacing: 2px !important;\n    color: #2b2725 !important; border-bottom: 1px solid #2b2725 !important;\n    padding-bottom: 2px !important;\nalign-self: flex-start !important;\n}\n\n\/* ===== 8. \u79fb\u52a8\u7aef\u54cd\u5e94\u5f0f ===== *\/\n@media (max-width: 900px) {\n    .dao-grid-2 { grid-template-columns: 1fr;\ngap: 40px; }\n    .dao-container { gap: 60px; padding: 0 20px;\n}\n    .dao-card, .dao-principles-box { padding: 40px 30px;\n}\n    \/* \u6587\u7ae0\u7f51\u683c\u79fb\u52a8\u7aef\u9002\u914d *\/\n    .dao-mockup-wrapper .tea-articles-grid { grid-template-columns: repeat(2, 1fr) !important; gap: 20px !important;\n}\n}\n@media (max-width: 600px) {\n    .dao-hero { min-height: 480px; padding-top: 60px;\n}\n    .dao-hero h1 { font-size: 65px !important; }\n    .dao-hero p { font-size: 16px !important;\npadding: 0 20px; }\n    .dao-list-2col { grid-template-columns: 1fr; }\n    .dao-section-title { font-size: 32px !important;\n}\n    \/* \u6587\u7ae0\u7f51\u683c\u624b\u673a\u7aef\u9002\u914d *\/\n    .dao-mockup-wrapper .tea-articles-grid { grid-template-columns: 1fr !important;\n}\n}\n<\/style>\n\n<div class=\"dao-mockup-wrapper\">\n\n    <header class=\"dao-hero\">\n        <div class=\"dao-hero-bg\"><\/div>\n        <div class=\"dao-hero-content\">\n            <h1>Dao<\/h1>\n            <p>V\u00e4gen som inte kan namnges, men som \u00e4nd\u00e5 fl\u00f6dar genom allt.<\/p>\n        <\/div>\n    <\/header>\n\n    <div class=\"dao-container\">\n\n        <section class=\"dao-grid-2\">\n            <div class=\"dao-text-content\">\n   \n             <h2 class=\"dao-title\">Vad \u00e4r Dao<\/h2>\n                <p class=\"dao-text\">Ordet &#8221;Dao&#8221; (\u9053) betyder bokstavligen &#8221;V\u00e4gen.&#8221;\nInom daoistisk filosofi syftar det p\u00e5 den grundl\u00e4ggande, forml\u00f6sa princip som genererar, uppr\u00e4tth\u00e5ller och harmoniserar allt i universum.<\/p>\n                <p class=\"dao-text\">I st\u00e4llet f\u00f6r en doktrin eller en skapargud beskriver Dao existensens naturliga ordning \u2014 en spontan, evig process genom vilken allt uppst\u00e5r och f\u00f6rvandlas.\nM\u00e4nniskor blomstrar n\u00e4r de sl\u00e4pper egot och anpassar sig till existensens naturliga fl\u00f6de.<\/p>\n            <\/div>\n            <div class=\"dao-image-wrapper\">\n                <img decoding=\"async\" src=\"\/wp-content\/uploads\/2026\/03\/laozi-mountain.png\" alt=\"Laozi mediterar i bergen, traditionell kinesisk tuschm\u00e5lning\"\/>\n            <\/div>\n        <\/section>\n\n        <section class=\"dao-grid-2\">\n    \n        <div class=\"dao-image-wrapper\">\n                <img decoding=\"async\" src=\"\/wp-content\/uploads\/2026\/03\/zhuangzi-river.png\" alt=\"Zhuangzi vid floden i traditionell kinesisk tuschm\u00e5lning\"\/>\n            <\/div>\n            \n            <div class=\"dao-card\">\n                <h2 class=\"dao-title\" style=\"margin-bottom: 30px !important;\">De klassiska texterna<\/h2>\n      \n          \n                <div class=\"dao-text-mini-block\">\n                    <h4>Dao De Jing<\/h4>\n                    <p>Tillskrivs Laozi.\nDen best\u00e5r av 81 poetiska kapitel och \u00e4r grundtexten som utforskar enkelhet, \u00f6dmjukhet och styre genom icke-tvingande handling.<\/p>\n                <\/div>\n                <div class=\"dao-text-mini-block\">\n                    <h4>Zhuangzi<\/h4>\n                    <p>Utvidgar daoistisk filosofi genom allegorier och paradoxer.\nDess ber\u00f6mda ber\u00e4ttelser \u2014 som Fj\u00e4rilsdr\u00f6mmen \u2014 ifr\u00e5gas\u00e4tter verklighetens stela gr\u00e4nser.<\/p>\n                <\/div>\n                <div class=\"dao-text-mini-block\" style=\"margin-bottom: 0;\">\n                    <h4>Liezi<\/h4>\n                    <p>Fokuserar p\u00e5 kosmologi och den praktiska till\u00e4mpningen av daoistiska id\u00e9er i det dagliga livet, med betoning p\u00e5 anstr\u00e4ngningsl\u00f6s\nanpassning till naturliga krafter.<\/p>\n                <\/div>\n            <\/div>\n        <\/section>\n\n        <section class=\"dao-grid-2\">\n            <div class=\"dao-principles-box\">\n                <h2 class=\"dao-title\" style=\"font-size: 26px !important; margin-bottom: 0 !important; text-align: center;\">Daoismens k\u00e4rnbegrepp<\/h2>\n           \n     <div class=\"dao-principles-grid\">\n                    <div>\n                        <div class=\"dao-seal-icon\"><span>\u9053<\/span><\/div>\n                        <h4>Dao<\/h4>\n                        <p>Den\nouts\u00e4gliga k\u00e4llan till all existens.<\/p>\n                    <\/div>\n                    <div>\n                        <div class=\"dao-seal-icon\"><span>\u5fb7<\/span><\/div>\n                        <h4>De<\/h4>\n       \n                 <p>Inre dygd som uppst\u00e5r genom anpassning.<\/p>\n                    <\/div>\n                    <div>\n                        <div class=\"dao-seal-icon\"><span>\u65e0<\/span><\/div>\n              \n          <h4>Wu Wei<\/h4>\n                        <p>Handling som fl\u00f6dar utan tv\u00e5ng.<\/p>\n                    <\/div>\n                    <div>\n                      \n  <div class=\"dao-seal-icon\"><span>\u81ea<\/span><\/div>\n                        <h4>Ziran<\/h4>\n                        <p>Det autentiska, spontana sj\u00e4lvet.<\/p>\n                    <\/div>\n                <\/div>\n          \n  <\/div>\n\n            <div class=\"dao-text-content\" style=\"margin-top: 0;\">\n                <h2 class=\"dao-title\">Att leva med Dao<\/h2>\n                <p class=\"dao-text\">Daoism \u00e4r inte bara en filosofi utan ett djupt fysiskt s\u00e4tt att leva.\nDess principer formade metoder som syftar till att \u00e5terst\u00e4lla balansen mellan m\u00e4nniskokroppen, sinnet och naturens l\u00e5ngsamma rytmer.<\/p>\n                <ul class=\"dao-list dao-list-2col\">\n                    <li>Meditation (Zuowang)<\/li>\n                    <li>Qi-kultivering<\/li>\n                    <li>Andnings-\ntekniker<\/li>\n                    <li>Enkelhetens konst<\/li>\n                <\/ul>\n            <\/div>\n        <\/section>\n\n        <section class=\"dao-grid-2\">\n            <div class=\"dao-image-wrapper-wide\">\n                <img decoding=\"async\" src=\"\/wp-content\/uploads\/2026\/03\/dao-meditation.png\" alt=\"Daoistisk\nmeditation i traditionell kinesisk tuschm\u00e5lning\"\/>\n            <\/div>\n            <div class=\"dao-image-wrapper-wide\">\n                <img decoding=\"async\" src=\"\/wp-content\/uploads\/2026\/03\/misty-landscape.png\" alt=\"Dimmigt kinesiskt tuschlandskap med berg och flod\"\/>\n            <\/div>\n        <\/section>\n\n        <section class=\"dao-grid-2\" style=\"align-items: flex-start;\">\n            <div class=\"dao-text-content\">\n \n               <h2 class=\"dao-title\" style=\"font-size: 32px !important;\">Kulturellt inflytande<\/h2>\n                <p class=\"dao-text\" style=\"margin-bottom: 15px !important;\">Den stilla intelligensen hos Dao fl\u00f6dar genom varje traditionell \u00f6stasiatisk disciplin:<\/p>\n                <ul class=\"dao-list dao-list-2col\">\n                    <li>Tekultur<\/li>\n         \n           <li>Kinesisk medicin<\/li>\n                    <li>Feng Shui<\/li>\n                    <li>Kampsport (Tai Chi)<\/li>\n                    <li>Landskapsm\u00e5lning<\/li>\n                    <li>Tuschkalligrafi<\/li>\n  \n              <\/ul>\n            <\/div>\n            <div class=\"dao-text-content\">\n                <p class=\"dao-quote\" style=\"margin-top: 15px;\">\n                    &#8221;T\u00f6m dig sj\u00e4lv p\u00e5 allt.\nL\u00e5t sinnet bli stilla. De tiotusen tingen uppst\u00e5r och faller medan Sj\u00e4lvet betraktar deras \u00e5terkomst.&#8221;\n                <\/p>\n                <p class=\"dao-text\">\u2014 Laozi, Dao De Jing kapitel 16<\/p>\n            <\/div>\n        <\/section>\n\n        <div class=\"dao-divider-line\"><\/div>\n        \n       \n <section class=\"dao-topics-section\">\n            <h2 class=\"dao-section-title\">Utforska Dao-\u00e4mnen<\/h2>\n            <p class=\"dao-section-subtitle\">F\u00f6rdjupa din f\u00f6rst\u00e5else genom specifika studiev\u00e4gar.<\/p>\n            \n            <div class=\"dao-topics-grid\">\n                <a href=\"\/category\/dao-cosmology\" class=\"dao-topic-pill\">Dao-kosmologi<\/a>\n                <a href=\"\/category\/dao-philosophy\" class=\"dao-topic-pill\">Dao-\nfilosofi<\/a>\n                <a href=\"\/category\/dao-practice\" class=\"dao-topic-pill\">Dao-praktik<\/a>\n                <a href=\"\/category\/dao-texts\" class=\"dao-topic-pill\">Dao-texter<\/a>\n            <\/div>\n\n            <h2 class=\"dao-section-title\" style=\"margin-top: 40px;\">Senaste Dao-artiklar<\/h2>\n            <p class=\"dao-section-subtitle\" style=\"margin-bottom: 50px !important;\">Utforska de senaste texterna om daoistisk visdom, natur och konsten av wu-wei.<\/p>\n     \n       \n            <div class=\"tea-articles-grid\"><p style=\"text-align:center; grid-column: 1 \/ -1; color: #8c8273; font-style: italic;\">Articles are currently being curated for this section. Please check back soon.<\/p><\/div>\n\n        <\/section>\n\n    <\/div>\n<\/div>\n\n<p><\/p>\n","protected":false},"excerpt":{"rendered":"<p>Dao V\u00e4gen som inte kan namnges, men som \u00e4nd\u00e5 fl\u00f6dar genom allt. Vad \u00e4r Dao Ordet &#8221;Dao&#8221; (\u9053) betyder bokstavligen &#8221;V\u00e4gen.&#8221; Inom daoistisk filosofi syftar det p\u00e5 den grundl\u00e4ggande, forml\u00f6sa princip som genererar, uppr\u00e4tth\u00e5ller och harmoniserar allt i universum. I st\u00e4llet f\u00f6r en doktrin eller en skapargud beskriver Dao existensens naturliga ordning \u2014 en spontan, [&hellip;]<\/p>\n","protected":false},"author":1,"featured_media":0,"parent":0,"menu_order":0,"comment_status":"closed","ping_status":"closed","template":"","meta":{"_uag_custom_page_level_css":"","site-sidebar-layout":"default","site-content-layout":"","ast-site-content-layout":"default","site-content-style":"default","site-sidebar-style":"default","ast-global-header-display":"","ast-banner-title-visibility":"","ast-main-header-display":"","ast-hfb-above-header-display":"","ast-hfb-below-header-display":"","ast-hfb-mobile-header-display":"","site-post-title":"disabled","ast-breadcrumbs-content":"","ast-featured-img":"","footer-sml-layout":"","ast-disable-related-posts":"","theme-transparent-header-meta":"","adv-header-id-meta":"","stick-header-meta":"","header-above-stick-meta":"","header-main-stick-meta":"","header-below-stick-meta":"","astra-migrate-meta-layouts":"default","ast-page-background-enabled":"default","ast-page-background-meta":{"desktop":{"background-color":"","background-image":"","background-repeat":"repeat","background-position":"center center","background-size":"auto","background-attachment":"scroll","background-type":"","background-media":"","overlay-type":"","overlay-color":"","overlay-opacity":"","overlay-gradient":""},"tablet":{"background-color":"","background-image":"","background-repeat":"repeat","background-position":"center center","background-size":"auto","background-attachment":"scroll","background-type":"","background-media":"","overlay-type":"","overlay-color":"","overlay-opacity":"","overlay-gradient":""},"mobile":{"background-color":"","background-image":"","background-repeat":"repeat","background-position":"center center","background-size":"auto","background-attachment":"scroll","background-type":"","background-media":"","overlay-type":"","overlay-color":"","overlay-opacity":"","overlay-gradient":""}},"ast-content-background-meta":{"desktop":{"background-color":"var(--ast-global-color-5)","background-image":"","background-repeat":"repeat","background-position":"center center","background-size":"auto","background-attachment":"scroll","background-type":"","background-media":"","overlay-type":"","overlay-color":"","overlay-opacity":"","overlay-gradient":""},"tablet":{"background-color":"var(--ast-global-color-5)","background-image":"","background-repeat":"repeat","background-position":"center center","background-size":"auto","background-attachment":"scroll","background-type":"","background-media":"","overlay-type":"","overlay-color":"","overlay-opacity":"","overlay-gradient":""},"mobile":{"background-color":"var(--ast-global-color-5)","background-image":"","background-repeat":"repeat","background-position":"center center","background-size":"auto","background-attachment":"scroll","background-type":"","background-media":"","overlay-type":"","overlay-color":"","overlay-opacity":"","overlay-gradient":""}},"footnotes":""},"class_list":["post-3969","page","type-page","status-publish","hentry"],"_hostinger_reach_plugin_has_subscription_block":false,"_hostinger_reach_plugin_is_elementor":false,"uagb_featured_image_src":{"full":false,"thumbnail":false,"medium":false,"medium_large":false,"large":false,"1536x1536":false,"2048x2048":false,"woocommerce_thumbnail":false,"woocommerce_single":false,"woocommerce_gallery_thumbnail":false},"uagb_author_info":{"display_name":"easternstillness","author_link":"https:\/\/easternstillness.com\/sv\/author\/luckybabyok668gmail-com\/"},"uagb_comment_info":0,"uagb_excerpt":"Dao V\u00e4gen som inte kan namnges, men som \u00e4nd\u00e5 fl\u00f6dar genom allt. Vad \u00e4r Dao Ordet &#8221;Dao&#8221; (\u9053) betyder bokstavligen &#8221;V\u00e4gen.&#8221; Inom daoistisk filosofi syftar det p\u00e5 den grundl\u00e4ggande, forml\u00f6sa princip som genererar, uppr\u00e4tth\u00e5ller och harmoniserar allt i universum. I st\u00e4llet f\u00f6r en doktrin eller en skapargud beskriver Dao existensens naturliga ordning \u2014 en spontan,&hellip;","_links":{"self":[{"href":"https:\/\/easternstillness.com\/sv\/wp-json\/wp\/v2\/pages\/3969","targetHints":{"allow":["GET"]}}],"collection":[{"href":"https:\/\/easternstillness.com\/sv\/wp-json\/wp\/v2\/pages"}],"about":[{"href":"https:\/\/easternstillness.com\/sv\/wp-json\/wp\/v2\/types\/page"}],"author":[{"embeddable":true,"href":"https:\/\/easternstillness.com\/sv\/wp-json\/wp\/v2\/users\/1"}],"replies":[{"embeddable":true,"href":"https:\/\/easternstillness.com\/sv\/wp-json\/wp\/v2\/comments?post=3969"}],"version-history":[{"count":1,"href":"https:\/\/easternstillness.com\/sv\/wp-json\/wp\/v2\/pages\/3969\/revisions"}],"predecessor-version":[{"id":3970,"href":"https:\/\/easternstillness.com\/sv\/wp-json\/wp\/v2\/pages\/3969\/revisions\/3970"}],"wp:attachment":[{"href":"https:\/\/easternstillness.com\/sv\/wp-json\/wp\/v2\/media?parent=3969"}],"curies":[{"name":"wp","href":"https:\/\/api.w.org\/{rel}","templated":true}]}}